{"id":19,"date":"2026-05-06T07:35:43","date_gmt":"2026-05-06T07:35:43","guid":{"rendered":"https:\/\/luxartkristal.hr\/?page_id=19"},"modified":"2026-05-06T08:45:41","modified_gmt":"2026-05-06T08:45:41","slug":"o-nama","status":"publish","type":"page","link":"https:\/\/luxartkristal.hr\/","title":{"rendered":"O nama"},"content":{"rendered":"\n<p>Lux Art KristAL d.o.o. predstavlja spoj umjetnosti, elegancije i vrhunskog dizajna \u2013 mjesto gdje ideje postaju jedinstvena, luksuzna stvarnost. Na\u0161 brend temelji se na strasti prema estetici, detaljima i stvaranju bez kompromisa.<\/p>\n\n\n\n<p><br>Iza brenda stoje Alenka i Kristina, dvije vizionarke koje spajaju umjetnost i preciznost u jedinstvenu cjelinu. Alenka, modna dizajnerica i dizajnerica vrtova i krajobrazne arhitekture, oblikuje vizualni identitet svakog projekta s izra\u017eenim osje\u0107ajem za<br>luksuz i detalje. Kristina, ekonomistica i dizajnerica u podru\u010dju krajobrazne arhitekture, osigurava sklad izme\u0111u estetike, funkcionalnosti i vrhunske organizacije.<\/p>\n\n\n\n<p><br>Posebno se isti\u010demo u ekskluzivnom dekoriranju vjen\u010danja, gdje svaki prostor pretvaramo u pa\u017eljivo osmi\u0161ljenu scenografiju &#8211; od romanti\u010dnih i elegantnih ambijenata do modernih i odva\u017enih koncepata. Svaka dekoracija, svaki detalj i svaki element dizajna kreiran je s ciljem da odra\u017eava osobnost mladenaca i stvori jedinstvenu pri\u010du.<\/p>\n\n\n\n<p><br>Uz vjen\u010danja, razvijamo i dizajnerska rje\u0161enja ure\u0111enja vrtova, eksterijera i interijera, te izra\u0111ujemo unikatne komade \u2013 od ru\u010dno dizajniranih i \u0161ivanih vjen\u010danica, ve\u010dernjih glamuroznih haljina i ostale sve\u010dane odje\u0107e do pa\u017eljivo oblikovanih dekorativnih predmeta koji prostoru daju karakter, ravnote\u017eu i nenametljivu rasko\u0161.<\/p>\n\n\n\n<p><br>Na\u0161 potpis je individualan pristup i beskompromisna kvaliteta. Svaki projekt je unikatan, ru\u010dno oblikovan i estetski promi\u0161ljen do najsitnijeg detalja. <\/p>\n\n\n\n<p>U svijetu u kojem je sve dostupno, mi stvaramo ono \u0161to je neponovljivo.<br><\/p>\n\n\n\n<p>Lux Art KristAL je vi\u0161e od dizajna \u2013 to je umjetnost stvaranja trenutaka koji traju zauvijek.<\/p>\n\n\n\n<p><\/p>\n\n\n\n<p>Kontaktirajte nas:<br><br>Kristina 099\/4051-834<br>Alenka 091\/5478-410<br><a href=\"mailto:info@luxartkristal.hr\">info@luxartkristal.hr<\/a><\/p>\n\n\n\n<p><\/p>\n","protected":false},"excerpt":{"rendered":"<p>Lux Art KristAL d.o.o. predstavlja spoj umjetnosti, elegancije i vrhunskog dizajna \u2013 mjesto gdje ideje postaju jedinstvena, luksuzna stvarnost. Na\u0161 brend temelji se na strasti prema estetici, detaljima i stvaranju bez kompromisa. Iza brenda stoje Alenka i Kristina, dvije vizionarke koje spajaju umjetnost i preciznost u jedinstvenu cjelinu. Alenka, modna dizajnerica i dizajnerica vrtova i [&hellip;]<\/p>\n","protected":false},"author":1,"featured_media":6,"parent":0,"menu_order":0,"comment_status":"closed","ping_status":"closed","template":"about","meta":{"footnotes":""},"class_list":["post-19","page","type-page","status-publish","has-post-thumbnail","hentry"],"_links":{"self":[{"href":"https:\/\/luxartkristal.hr\/index.php?rest_route=\/wp\/v2\/pages\/19","targetHints":{"allow":["GET"]}}],"collection":[{"href":"https:\/\/luxartkristal.hr\/index.php?rest_route=\/wp\/v2\/pages"}],"about":[{"href":"https:\/\/luxartkristal.hr\/index.php?rest_route=\/wp\/v2\/types\/page"}],"author":[{"embeddable":true,"href":"https:\/\/luxartkristal.hr\/index.php?rest_route=\/wp\/v2\/users\/1"}],"replies":[{"embeddable":true,"href":"https:\/\/luxartkristal.hr\/index.php?rest_route=%2Fwp%2Fv2%2Fcomments&post=19"}],"version-history":[{"count":6,"href":"https:\/\/luxartkristal.hr\/index.php?rest_route=\/wp\/v2\/pages\/19\/revisions"}],"predecessor-version":[{"id":53,"href":"https:\/\/luxartkristal.hr\/index.php?rest_route=\/wp\/v2\/pages\/19\/revisions\/53"}],"wp:featuredmedia":[{"embeddable":true,"href":"https:\/\/luxartkristal.hr\/index.php?rest_route=\/wp\/v2\/media\/6"}],"wp:attachment":[{"href":"https:\/\/luxartkristal.hr\/index.php?rest_route=%2Fwp%2Fv2%2Fmedia&parent=19"}],"curies":[{"name":"wp","href":"https:\/\/api.w.org\/{rel}","templated":true}]}}